{"id":6420,"date":"2021-05-29T19:01:25","date_gmt":"2021-05-29T18:01:25","guid":{"rendered":"https:\/\/capafricapainting.com\/en\/?page_id=6420"},"modified":"2021-07-13T14:22:02","modified_gmt":"2021-07-13T13:22:02","slug":"centre-de-formation-htc","status":"publish","type":"page","link":"https:\/\/capafricapainting.com\/en\/centre-de-formation-htc\/","title":{"rendered":"CENTRE DE FORMATION HTC"},"content":{"rendered":"<div data-colibri-id=\"6420-c1\" class=\"style-2296 style-local-6420-c1 position-relative\">\n  <!---->\n  <div data-colibri-component=\"section\" data-colibri-id=\"6420-c2\" id=\"about\" class=\"h-section h-section-global-spacing d-flex align-items-lg-center align-items-md-center align-items-center style-2297 style-local-6420-c2 position-relative\">\n    <!---->\n    <!---->\n    <div class=\"h-section-grid-container h-section-boxed-container\">\n      <div data-colibri-id=\"6420-c7\" class=\"h-row-container gutters-row-lg-2 gutters-row-md-2 gutters-row-2 gutters-row-v-lg-2 gutters-row-v-md-2 gutters-row-v-2 style-2302 style-local-6420-c7 position-relative\">\n        <!---->\n        <div class=\"h-row justify-content-lg-center justify-content-md-center justify-content-center align-items-lg-stretch align-items-md-stretch align-items-stretch gutters-col-lg-2 gutters-col-md-2 gutters-col-2 gutters-col-v-lg-2 gutters-col-v-md-2 gutters-col-v-2\">\n          <!---->\n          <div class=\"h-column h-column-container d-flex h-col-lg-auto h-col-md-auto h-col-auto style-2303-outer style-local-6420-c8-outer\">\n            <div data-colibri-id=\"6420-c8\" class=\"d-flex h-flex-basis h-column__inner h-px-lg-2 h-px-md-2 h-px-2 v-inner-lg-2 v-inner-md-2 v-inner-2 style-2303 style-local-6420-c8 position-relative\">\n              <!---->\n              <!---->\n              <div class=\"w-100 h-y-container h-column__content h-column__v-align flex-basis-100 align-self-lg-start align-self-md-start align-self-start\">\n                <!---->\n                <div data-colibri-id=\"6420-c9\" class=\"h-global-transition-all h-heading style-2305 style-local-6420-c9 position-relative h-element\">\n                  <!---->\n                  <div class=\"h-heading__outer style-2305 style-local-6420-c9\">\n                    <!---->\n                    <!---->\n                    <h2 class=\"\">Pr\u00e9sentation HTC<\/h2>\n                  <\/div>\n                <\/div>\n                <div data-colibri-id=\"6420-c10\" class=\"h-lead h-text h-text-component style-2306 style-local-6420-c10 position-relative h-element\">\n                  <!---->\n                  <!---->\n                  <div class=\"\">\n                    <p>Soucieux&nbsp;de&nbsp;vous accompagner dans votre travail et pour vous permettre de travailler&nbsp;avec&nbsp;nos produits dans les meilleures conditions, notre centre de&nbsp;formation&nbsp;HTC (Alliance One Group) dispose des formations\n                      reconnues et vari\u00e9es avec des formateurs qualifi\u00e9s. L\u2019importance des formations pour les consommateurs actuels et potentiels de nos produits nous m\u00e8ne \u00e0 diversifier les domaines des formations pour aider les&nbsp;experts&nbsp;du&nbsp;m\u00e9tier&nbsp;\u00e0\n                      d\u00e9velopper leur comp\u00e9tence ainsi que former vos appentis. La formation repr\u00e9sente un moyen de maitriser nos produits pour minimiser les risques d\u2019erreur et ainsi satisfaire pleinement le client final.<\/p>\n                  <\/div>\n                <\/div>\n              <\/div>\n            <\/div>\n          <\/div>\n        <\/div>\n      <\/div>\n      <div data-colibri-id=\"6420-c3\" class=\"h-row-container gutters-row-lg-0 gutters-row-md-0 gutters-row-0 gutters-row-v-lg-0 gutters-row-v-md-0 gutters-row-v-0 style-2298 style-local-6420-c3 h-overflow-hidden position-relative\">\n        <!---->\n        <div class=\"h-row justify-content-lg-center justify-content-md-center justify-content-center align-items-lg-end align-items-md-end align-items-end gutters-col-lg-0 gutters-col-md-0 gutters-col-0 gutters-col-v-lg-0 gutters-col-v-md-0 gutters-col-v-0\">\n          <!---->\n          <div class=\"h-column h-column-container d-flex h-col-lg-auto h-col-md-auto h-col-auto align-self-lg-end align-self-md-end align-self-end style-2299-outer style-local-6420-c4-outer\">\n            <div data-colibri-id=\"6420-c4\" class=\"d-flex h-flex-basis h-column__inner h-ui-empty-state-container h-px-lg-0 h-px-md-0 h-px-0 v-inner-lg-0 v-inner-md-0 v-inner-0 style-2299 style-local-6420-c4 position-relative\">\n              <!---->\n              <!---->\n              <div class=\"w-100 h-y-container h-column__content h-column__v-align flex-basis-100\">\n                <!---->\n              <\/div>\n            <\/div>\n          <\/div>\n          <div class=\"h-column h-column-container d-flex h-col-lg-auto h-col-md-auto h-col-auto align-self-lg-end align-self-md-end align-self-end style-2300-outer style-local-6420-c5-outer\">\n            <div data-colibri-id=\"6420-c5\" class=\"d-flex h-flex-basis h-column__inner h-ui-empty-state-container h-px-lg-0 h-px-md-0 h-px-0 v-inner-lg-0 v-inner-md-0 v-inner-0 style-2300 style-local-6420-c5 position-relative\">\n              <!---->\n              <!---->\n              <div class=\"w-100 h-y-container h-column__content h-column__v-align flex-basis-100\">\n                <!---->\n              <\/div>\n            <\/div>\n          <\/div>\n          <div class=\"h-column h-column-container d-flex h-col-lg-auto h-col-md-auto h-col-auto align-self-lg-end align-self-md-end align-self-end style-2301-outer style-local-6420-c6-outer\">\n            <div data-colibri-id=\"6420-c6\" class=\"d-flex h-flex-basis h-column__inner h-ui-empty-state-container h-px-lg-0 h-px-md-0 h-px-0 v-inner-lg-0 v-inner-md-0 v-inner-0 style-2301 style-local-6420-c6 position-relative\">\n              <!---->\n              <!---->\n              <div class=\"w-100 h-y-container h-column__content h-column__v-align flex-basis-100\">\n                <!---->\n              <\/div>\n            <\/div>\n          <\/div>\n        <\/div>\n      <\/div>\n    <\/div>\n  <\/div>\n  <div data-colibri-component=\"section\" data-colibri-id=\"6420-c11\" id=\"about-2\" class=\"h-section h-section-global-spacing d-flex align-items-lg-center align-items-md-center align-items-center style-2309 style-local-6420-c11 position-relative\">\n    <!---->\n    <!---->\n    <div class=\"h-section-grid-container h-section-boxed-container\">\n      <!---->\n      <div data-colibri-id=\"6420-c12\" class=\"h-row-container gutters-row-lg-0 gutters-row-md-0 gutters-row-0 gutters-row-v-lg-0 gutters-row-v-md-0 gutters-row-v-0 style-2310 style-local-6420-c12 position-relative\">\n        <!---->\n        <div class=\"h-row justify-content-lg-center justify-content-md-center justify-content-center align-items-lg-stretch align-items-md-stretch align-items-stretch gutters-col-lg-0 gutters-col-md-0 gutters-col-0 gutters-col-v-lg-0 gutters-col-v-md-0 gutters-col-v-0\">\n          <!---->\n          <div class=\"h-column h-column-container d-flex h-col-lg-auto h-col-md-auto h-col-auto style-2311-outer style-local-6420-c13-outer\">\n            <div data-colibri-id=\"6420-c13\" class=\"d-flex h-flex-basis h-column__inner h-px-lg-0 h-px-md-0 h-px-0 v-inner-lg-0 v-inner-md-0 v-inner-0 style-2311 style-local-6420-c13 position-relative\">\n              <!---->\n              <!---->\n              <div class=\"w-100 h-y-container h-column__content h-column__v-align flex-basis-100 align-self-lg-start align-self-md-start align-self-start\">\n                <!---->\n                <div data-colibri-id=\"6420-c14\" class=\"h-global-transition-all h-heading style-2313 style-local-6420-c14 position-relative h-element\">\n                  <!---->\n                  <div class=\"h-heading__outer style-2313 style-local-6420-c14\">\n                    <!---->\n                    <!---->\n                    <h2 class=\"\">NOSFORMATIONS POUR NOS CLIENTS PARTENAIRES<\/h2>\n                  <\/div>\n                <\/div>\n                <div data-colibri-id=\"6420-c15\" class=\"h-text h-text-component style-2314 style-local-6420-c15 position-relative h-element\">\n                  <!---->\n                  <!---->\n                  <div class=\"\">\n                    <p>Notre centre de formation \u00ab&nbsp;<strong style=\"font-weight: 700; font-size: inherit; font-family: inherit;\">HORIZON TRAINING CENTER<\/strong>&nbsp;\u00bb est le 1er centre en Afrique d\u00e9di\u00e9 aux m\u00e9tiers de la carrosserie.<\/p>\n                    <p>Nous vous accompagnons afin d\u2019am\u00e9liorer vos performances th\u00e9oriqueset techniques afin de faire de vous, nos partenaires, les meilleurs professionnels du meilleur r\u00e9seau d\u2019Afrique.<\/p>\n                  <\/div>\n                <\/div>\n                <div data-colibri-id=\"6420-c16\" class=\"h-x-container style-2318 style-local-6420-c16 position-relative h-element\">\n                  <!---->\n                  <div class=\"h-x-container-inner style-dynamic-6420-c16-group style-2318-spacing style-local-6420-c16-spacing\"><span class=\"h-button__outer style-2319-outer style-local-6420-c17-outer d-inline-flex h-element\"><a h-use-smooth-scroll=\"true\" href=\"https:\/\/extracolor.com.tn\/nos-formations\/sinscrire-aux-formations\"  data-colibri-id=\"6420-c17\" class=\"d-flex w-100 align-items-center h-button justify-content-lg-center justify-content-md-center justify-content-center style-2319 style-local-6420-c17 position-relative\"><!----><!----> <span> S\u2019INSCRIRE AUX FORMATIONS \u2192<\/span><\/a>\n                    <\/span>\n                  <\/div>\n                <\/div>\n              <\/div>\n            <\/div>\n          <\/div>\n          <div class=\"h-column h-column-container d-flex h-col-lg-auto h-col-md-auto h-col-auto style-2315-outer style-local-6420-c18-outer\">\n            <div data-colibri-id=\"6420-c18\" class=\"d-flex h-flex-basis h-column__inner h-px-lg-0 h-px-md-0 h-px-0 v-inner-lg-0 v-inner-md-0 v-inner-0 style-2315 style-local-6420-c18 position-relative\">\n              <!---->\n              <!---->\n              <div class=\"w-100 h-y-container h-column__content h-column__v-align flex-basis-100 align-self-lg-center align-self-md-center align-self-start\">\n                <!---->\n                <div data-colibri-component=\"video\" data-colibri-id=\"6420-c19\" class=\"d-block h-video d-block h-video style-2316 style-local-6420-c19 position-relative h-element\">\n                  <!---->\n                  <!---->\n                  <div class=\"video-container position-relative\">\n                    <div class=\"h-global-transition-all ratio-inner\"><iframe src=https:\/\/www.youtube.com\/embed\/poX0zf15aRA?autoplay=1&amp;mute=0&amp;modestbranding=0&amp;rel=0&amp;enablejsapi=1&amp; class='h-video-main'allow=\"autoplay\"  allowfullscreen><\/iframe><\/div>\n                  <\/div>\n                <\/div>\n              <\/div>\n            <\/div>\n          <\/div>\n        <\/div>\n      <\/div>\n    <\/div>\n  <\/div>\n  <div data-colibri-component=\"section\" data-colibri-id=\"6420-c21\" id=\"about-3\" class=\"h-section h-section-global-spacing d-flex align-items-lg-center align-items-md-center align-items-center style-2320 style-local-6420-c21 position-relative\">\n    <!---->\n    <!---->\n    <div class=\"h-section-grid-container h-section-boxed-container\">\n      <!---->\n      <div data-colibri-id=\"6420-c22\" class=\"h-row-container gutters-row-lg-0 gutters-row-md-0 gutters-row-0 gutters-row-v-lg-0 gutters-row-v-md-0 gutters-row-v-0 style-2321 style-local-6420-c22 position-relative\">\n        <!---->\n        <div class=\"h-row justify-content-lg-center justify-content-md-center justify-content-center align-items-lg-stretch align-items-md-stretch align-items-stretch gutters-col-lg-0 gutters-col-md-0 gutters-col-0 gutters-col-v-lg-0 gutters-col-v-md-0 gutters-col-v-0\">\n          <!---->\n          <div class=\"h-column h-column-container d-flex h-col-lg-auto h-col-md-auto h-col-auto style-2322-outer style-local-6420-c23-outer\">\n            <div data-colibri-id=\"6420-c23\" class=\"d-flex h-flex-basis h-column__inner h-ui-empty-state-container h-px-lg-0 h-px-md-0 h-px-0 v-inner-lg-0 v-inner-md-0 v-inner-0 style-2322 style-local-6420-c23 position-relative\">\n              <!---->\n              <!---->\n              <div class=\"w-100 h-y-container h-column__content h-column__v-align flex-basis-100\">\n                <!---->\n              <\/div>\n            <\/div>\n          <\/div>\n          <div class=\"h-column h-column-container d-flex h-col-lg-auto h-col-md-auto h-col-auto style-2323-outer style-local-6420-c24-outer\">\n            <div data-colibri-id=\"6420-c24\" class=\"d-flex h-flex-basis h-column__inner h-px-lg-2 h-px-md-2 h-px-2 v-inner-lg-2 v-inner-md-2 v-inner-2 style-2323 style-local-6420-c24 position-relative\">\n              <!---->\n              <!---->\n              <div class=\"w-100 h-y-container h-column__content h-column__v-align flex-basis-100 align-self-lg-start align-self-md-start align-self-start\">\n                <!---->\n                <div data-colibri-id=\"6420-c25\" class=\"h-global-transition-all h-heading style-2325 style-local-6420-c25 position-relative h-element\">\n                  <!---->\n                  <div class=\"h-heading__outer style-2325 style-local-6420-c25\">\n                    <!---->\n                    <!---->\n                    <h2 class=\"\">Participer aux EXTRA programmes<\/h2>\n                  <\/div>\n                <\/div>\n                <div data-colibri-id=\"6420-c26\" class=\"h-text h-text-component style-2326 style-local-6420-c26 position-relative h-element\">\n                  <!---->\n                  <!---->\n                  <div class=\"\">\n                    <p>Les formations donn\u00e9es par des experts m\u00e9tiers sont orient\u00e9es vers nos clients et aussi vers les jeunes qui veulent se sp\u00e9cialiser dans ce secteur. L\u2019ensemble du programme de formations, reconnues \u00e0 l\u2019international, repr\u00e9sente un moyen\n                      de maitriser \u00e0 la perfection nos familles produits, minimisant ainsi les risques d\u2019erreur, qui aura comme r\u00e9sultat d\u2019optimiser vos revenus, fid\u00e9liser votre personnel qualifi\u00e9 et satisfaire pleinement le client final.<\/p>\n                  <\/div>\n                <\/div>\n              <\/div>\n            <\/div>\n          <\/div>\n        <\/div>\n      <\/div>\n    <\/div>\n  <\/div>\n<\/div>","protected":false},"excerpt":{"rendered":"<p>Pr\u00e9sentation HTC Soucieux&nbsp;de&nbsp;vous accompagner dans votre travail et pour vous permettre de travailler&nbsp;avec&nbsp;nos produits dans les meilleures conditions, notre centre de&nbsp;formation&nbsp;HTC (Alliance One Group) dispose des formations reconnues et vari\u00e9es avec des formateurs qualifi\u00e9s. L\u2019importance des formations pour les consommateurs actuels et potentiels de nos produits nous m\u00e8ne \u00e0 diversifier les domaines des formations pour [&hellip;]<\/p>\n","protected":false},"author":1,"featured_media":0,"parent":0,"menu_order":0,"comment_status":"closed","ping_status":"closed","template":"page-templates\/full-width-page.php","meta":[],"_links":{"self":[{"href":"https:\/\/capafricapainting.com\/en\/wp-json\/wp\/v2\/pages\/6420"}],"collection":[{"href":"https:\/\/capafricapainting.com\/en\/wp-json\/wp\/v2\/pages"}],"about":[{"href":"https:\/\/capafricapainting.com\/en\/wp-json\/wp\/v2\/types\/page"}],"author":[{"embeddable":true,"href":"https:\/\/capafricapainting.com\/en\/wp-json\/wp\/v2\/users\/1"}],"replies":[{"embeddable":true,"href":"https:\/\/capafricapainting.com\/en\/wp-json\/wp\/v2\/comments?post=6420"}],"version-history":[{"count":4,"href":"https:\/\/capafricapainting.com\/en\/wp-json\/wp\/v2\/pages\/6420\/revisions"}],"predecessor-version":[{"id":7256,"href":"https:\/\/capafricapainting.com\/en\/wp-json\/wp\/v2\/pages\/6420\/revisions\/7256"}],"wp:attachment":[{"href":"https:\/\/capafricapainting.com\/en\/wp-json\/wp\/v2\/media?parent=6420"}],"curies":[{"name":"wp","href":"https:\/\/api.w.org\/{rel}","templated":true}]}}