{"id":6418,"date":"2021-05-29T19:00:41","date_gmt":"2021-05-29T18:00:41","guid":{"rendered":"https:\/\/capafricapainting.com\/en\/?page_id=6418"},"modified":"2021-10-12T09:37:29","modified_gmt":"2021-10-12T08:37:29","slug":"autocolor","status":"publish","type":"page","link":"https:\/\/capafricapainting.com\/en\/autocolor\/","title":{"rendered":"AUTOCOLOR"},"content":{"rendered":"<div data-colibri-id=\"6418-c1\" class=\"style-2511 style-local-6418-c1 position-relative\">\n  <!---->\n  <div data-colibri-component=\"section\" data-colibri-id=\"6418-c2\" id=\"about\" class=\"h-section h-section-global-spacing d-flex align-items-lg-center align-items-md-center align-items-center style-2512 style-local-6418-c2 position-relative\">\n    <div class=\"background-wrapper\">\n      <div class=\"background-layer background-layer-media-container-lg\">\n        <!---->\n        <div class=\"overlay-layer\">\n          <div class=\"overlay-image-layer\" style=\"background-color: rgb(255, 255, 255); opacity: 0.9;\"><\/div>\n        <\/div>\n      <\/div>\n      <div class=\"background-layer background-layer-media-container-md\">\n        <!---->\n        <div class=\"overlay-layer\">\n          <div class=\"overlay-image-layer\" style=\"background-color: rgb(255, 255, 255); opacity: 0.9;\"><\/div>\n        <\/div>\n      <\/div>\n      <div class=\"background-layer background-layer-media-container\">\n        <!---->\n        <div class=\"overlay-layer\">\n          <div class=\"overlay-image-layer\" style=\"background-color: rgb(255, 255, 255); opacity: 0.9;\"><\/div>\n        <\/div>\n      <\/div>\n    <\/div>\n    <!---->\n    <div class=\"h-section-grid-container h-section-boxed-container\">\n      <!---->\n      <div data-colibri-id=\"6418-c3\" class=\"h-row-container gutters-row-lg-0 gutters-row-md-0 gutters-row-0 gutters-row-v-lg-0 gutters-row-v-md-0 gutters-row-v-0 style-2513 style-local-6418-c3 position-relative\">\n        <!---->\n        <div class=\"h-row justify-content-lg-center justify-content-md-center justify-content-center align-items-lg-stretch align-items-md-stretch align-items-stretch gutters-col-lg-0 gutters-col-md-0 gutters-col-0 gutters-col-v-lg-0 gutters-col-v-md-0 gutters-col-v-0\">\n          <!---->\n          <div class=\"h-column h-column-container d-flex h-col-lg-auto h-col-md-auto h-col-auto style-2514-outer style-local-6418-c4-outer\">\n            <div data-colibri-id=\"6418-c4\" class=\"d-flex h-flex-basis h-column__inner h-ui-empty-state-container h-px-lg-0 h-px-md-0 h-px-0 v-inner-lg-0 v-inner-md-0 v-inner-0 style-2514 style-local-6418-c4 position-relative\">\n              <!---->\n              <!---->\n              <div class=\"w-100 h-y-container h-column__content h-column__v-align flex-basis-100\">\n                <!---->\n              <\/div>\n            <\/div>\n          <\/div>\n          <div class=\"h-column h-column-container d-flex h-col-lg-auto h-col-md-auto h-col-auto style-2515-outer style-local-6418-c5-outer\">\n            <div data-colibri-id=\"6418-c5\" class=\"d-flex h-flex-basis h-column__inner h-ui-empty-state-container h-px-lg-2 h-px-md-2 h-px-0 v-inner-lg-2 v-inner-md-2 v-inner-0 style-2515 style-local-6418-c5 position-relative\">\n              <!---->\n              <!---->\n              <div class=\"w-100 h-y-container h-column__content h-column__v-align flex-basis-100\">\n                <!---->\n              <\/div>\n            <\/div>\n          <\/div>\n          <div class=\"h-column h-column-container d-flex h-col-lg-auto h-col-md-auto h-col-auto style-2516-outer style-local-6418-c6-outer\">\n            <div data-colibri-id=\"6418-c6\" class=\"d-flex h-flex-basis h-column__inner h-px-lg-3 h-px-md-3 h-px-3 v-inner-lg-3 v-inner-md-3 v-inner-3 style-2516 style-local-6418-c6 position-relative\">\n              <!---->\n              <!---->\n              <div class=\"w-100 h-y-container h-column__content h-column__v-align flex-basis-100 align-self-lg-center align-self-md-center align-self-center\">\n                <!---->\n                <div data-colibri-id=\"6418-c7\" class=\"h-global-transition-all h-heading style-2517 style-local-6418-c7 position-relative h-element\">\n                  <!---->\n                  <div class=\"h-heading__outer style-2517 style-local-6418-c7\">\n                    <!---->\n                    <!---->\n                    <h3 class=\"\">NEXA AUTOCOLOR <\/h3>\n                  <\/div>\n                <\/div>\n                <div data-colibri-id=\"6418-c8\" class=\"h-text h-text-component style-2518 style-local-6418-c8 position-relative h-element\">\n                  <!---->\n                  <!---->\n                  <div class=\"\">\n                    <p>La marque de peinture NEXA AUTOCOLOR a toujours donn\u00e9 le ton au niveau de l\u2019innovation et de la technologie de peinture, en mettant toute l\u2019expertise de ses chercheurs au service du d\u00e9veloppement de nouveaux produits. Fabriqu\u00e9e sous\n                      licence par la CAP, NEXA AUTOCOLOR fournit des produits innovants, une qualit\u00e9 de couleur exceptionnelle et des proc\u00e9d\u00e9s de r\u00e9paration d\u2019une efficacit\u00e9 remarquable. <\/p>\n                    <p>AUTOCOLOR permet \u00e0 ses clients d\u2019acqu\u00e9rir un avantage comp\u00e9titif, car gr\u00e2ce \u00e0 de nouvelles solutions de r\u00e9paration, la rentabilit\u00e9 des ateliers de carrosserie est augment\u00e9e. Ce qui fait de NEXA AUTOCOLOR le partenaire peinture que\n                      choisissent naturellement les ateliers de carrosserie<\/p>\n                  <\/div>\n                <\/div>\n                <div data-colibri-id=\"6418-c9\" class=\"h-x-container style-2519 style-local-6418-c9 position-relative h-element\">\n                  <!---->\n                  <div class=\"h-x-container-inner style-dynamic-6418-c9-group style-2519-spacing style-local-6418-c9-spacing\"><span class=\"h-button__outer style-2520-outer style-local-6418-c10-outer d-inline-flex h-element\"><a h-use-smooth-scroll=\"true\" href=\"\"  data-colibri-id=\"6418-c10\" class=\"d-flex w-100 align-items-center h-button justify-content-lg-center justify-content-md-center justify-content-center style-2520 style-local-6418-c10 position-relative\"><!----><!----> <span>Discover<\/span><\/a>\n                    <\/span>\n                  <\/div>\n                <\/div>\n              <\/div>\n            <\/div>\n          <\/div>\n        <\/div>\n      <\/div>\n    <\/div>\n  <\/div>\n<\/div>","protected":false},"excerpt":{"rendered":"<p>NEXA AUTOCOLOR La marque de peinture NEXA AUTOCOLOR a toujours donn\u00e9 le ton au niveau de l\u2019innovation et de la technologie de peinture, en mettant toute l\u2019expertise de ses chercheurs au service du d\u00e9veloppement de nouveaux produits. Fabriqu\u00e9e sous licence par la CAP, NEXA AUTOCOLOR fournit des produits innovants, une qualit\u00e9 de couleur exceptionnelle et [&hellip;]<\/p>\n","protected":false},"author":1,"featured_media":0,"parent":0,"menu_order":0,"comment_status":"closed","ping_status":"closed","template":"page-templates\/full-width-page.php","meta":[],"_links":{"self":[{"href":"https:\/\/capafricapainting.com\/en\/wp-json\/wp\/v2\/pages\/6418"}],"collection":[{"href":"https:\/\/capafricapainting.com\/en\/wp-json\/wp\/v2\/pages"}],"about":[{"href":"https:\/\/capafricapainting.com\/en\/wp-json\/wp\/v2\/types\/page"}],"author":[{"embeddable":true,"href":"https:\/\/capafricapainting.com\/en\/wp-json\/wp\/v2\/users\/1"}],"replies":[{"embeddable":true,"href":"https:\/\/capafricapainting.com\/en\/wp-json\/wp\/v2\/comments?post=6418"}],"version-history":[{"count":5,"href":"https:\/\/capafricapainting.com\/en\/wp-json\/wp\/v2\/pages\/6418\/revisions"}],"predecessor-version":[{"id":7422,"href":"https:\/\/capafricapainting.com\/en\/wp-json\/wp\/v2\/pages\/6418\/revisions\/7422"}],"wp:attachment":[{"href":"https:\/\/capafricapainting.com\/en\/wp-json\/wp\/v2\/media?parent=6418"}],"curies":[{"name":"wp","href":"https:\/\/api.w.org\/{rel}","templated":true}]}}